{"id":520,"date":"2022-09-20T09:44:02","date_gmt":"2022-09-20T07:44:02","guid":{"rendered":"https:\/\/www.sschi.sk\/spracovanie-osobnych-udajov\/"},"modified":"2022-10-06T10:07:30","modified_gmt":"2022-10-06T08:07:30","slug":"spracovanie-osobnych-udajov","status":"publish","type":"page","link":"https:\/\/www.sschi.sk\/en\/spracovanie-osobnych-udajov\/","title":{"rendered":"Privacy Policy"},"content":{"rendered":"<p>The website operator does not collect personal data that could identify a specific person, except in cases where the person himself provides this data to the operator voluntarily. Such data may be obtained where a person voluntarily registers to use the services of this website. Any personal data identifying a specific person will not be provided or sold to a third party, unless the user is notified at the time of data collection.<\/p>\n<p>The website operator reserves the right to perform analyzes of user behavior on its website. These analyzes include, for example, measuring traffic and monitoring website behavior. This data may be available to potential advertisers, but always in the form of a statistical report, not by name.<\/p>\n<p>Users should be aware that the information they voluntarily provide to discussion forums or other automatically generated sites may be used by a third party. However, such use of personal information cannot be controlled and the website operator is not responsible for it.<\/p>\n<p>Users should be aware that some user information may be collected automatically during standard server operations (eg user IP address) and also when using cookies (small text files stored on the user\u2019s computer for identification or authentication). user, or the functioning of e-commerce). Cookies are not programs that could cause damage to a user\u2019s computer.<\/p>\n<p>The website operator reserves the right to waive the guarantee of safe handling of customers\u2019 personal data in the event of an attack by a server by an unknown perpetrator (hacker). In this case, the above data manipulation rules do not apply.<\/p>\n<p>At the request of the user, the Website Operator shall take all financially reasonable steps to delete all personal data of the user.<\/p>\n<p>These conditions are valid from September 1, 2022.<\/p>\n","protected":false},"excerpt":{"rendered":"<p>Prev\u00e1dzkovate\u013eom webov\u00fdch str\u00e1nok je ob\u010dianske zdru\u017eenie Slovensk\u00e1 spolo\u010dnos\u0165 chemick\u00e9ho in\u017einierstva, so s\u00eddlom Radlinsk\u00e9ho 9, 812 37 Bratislava, I\u010cO 42172756, zap\u00edsan\u00e1 v\u00a0Registri mimovl\u00e1dnych neziskov\u00fdch organiz\u00e1ci\u00ed Ministerstva vn\u00fatra SR, registra\u010dn\u00e9 \u010d\u00edslo VVS\/1-900\/90-10314.<\/p>\n","protected":false},"author":1,"featured_media":0,"parent":0,"menu_order":0,"comment_status":"closed","ping_status":"open","template":"","meta":{"inline_featured_image":false,"footnotes":""},"class_list":["post-520","page","type-page","status-publish","hentry"],"acf":[],"yoast_head":"<!-- This site is optimized with the Yoast SEO plugin v20.10 - https:\/\/yoast.com\/wordpress\/plugins\/seo\/ -->\n<title>Privacy Policy - SSCHI<\/title>\n<meta name=\"robots\" content=\"index, follow, max-snippet:-1, max-image-preview:large, max-video-preview:-1\" \/>\n<link rel=\"canonical\" href=\"https:\/\/www.sschi.sk\/en\/spracovanie-osobnych-udajov\/\" \/>\n<meta property=\"og:locale\" content=\"en_US\" \/>\n<meta property=\"og:type\" content=\"article\" \/>\n<meta property=\"og:title\" content=\"Privacy Policy - SSCHI\" \/>\n<meta property=\"og:description\" content=\"Prev\u00e1dzkovate\u013eom webov\u00fdch str\u00e1nok je ob\u010dianske zdru\u017eenie Slovensk\u00e1 spolo\u010dnos\u0165 chemick\u00e9ho in\u017einierstva, so s\u00eddlom Radlinsk\u00e9ho 9, 812 37 Bratislava, I\u010cO 42172756, zap\u00edsan\u00e1 v\u00a0Registri mimovl\u00e1dnych neziskov\u00fdch organiz\u00e1ci\u00ed Ministerstva vn\u00fatra SR, registra\u010dn\u00e9 \u010d\u00edslo VVS\/1-900\/90-10314.\" \/>\n<meta property=\"og:url\" content=\"https:\/\/www.sschi.sk\/en\/spracovanie-osobnych-udajov\/\" \/>\n<meta property=\"og:site_name\" content=\"SSCHI\" \/>\n<meta property=\"article:publisher\" content=\"https:\/\/www.facebook.com\/ChemE.Slovakia\" \/>\n<meta property=\"article:modified_time\" content=\"2022-10-06T08:07:30+00:00\" \/>\n<meta name=\"twitter:card\" content=\"summary_large_image\" \/>\n<meta name=\"twitter:label1\" content=\"Est. reading time\" \/>\n\t<meta name=\"twitter:data1\" content=\"2 minutes\" \/>\n<script type=\"application\/ld+json\" class=\"yoast-schema-graph\">{\"@context\":\"https:\/\/schema.org\",\"@graph\":[{\"@type\":\"WebPage\",\"@id\":\"https:\/\/www.sschi.sk\/en\/spracovanie-osobnych-udajov\/\",\"url\":\"https:\/\/www.sschi.sk\/en\/spracovanie-osobnych-udajov\/\",\"name\":\"Privacy Policy - SSCHI\",\"isPartOf\":{\"@id\":\"https:\/\/www.sschi.sk\/#website\"},\"datePublished\":\"2022-09-20T07:44:02+00:00\",\"dateModified\":\"2022-10-06T08:07:30+00:00\",\"breadcrumb\":{\"@id\":\"https:\/\/www.sschi.sk\/en\/spracovanie-osobnych-udajov\/#breadcrumb\"},\"inLanguage\":\"en-US\",\"potentialAction\":[{\"@type\":\"ReadAction\",\"target\":[\"https:\/\/www.sschi.sk\/en\/spracovanie-osobnych-udajov\/\"]}]},{\"@type\":\"BreadcrumbList\",\"@id\":\"https:\/\/www.sschi.sk\/en\/spracovanie-osobnych-udajov\/#breadcrumb\",\"itemListElement\":[{\"@type\":\"ListItem\",\"position\":1,\"name\":\"Domovsk\u00e1 str\u00e1nka\",\"item\":\"https:\/\/www.sschi.sk\/en\/\"},{\"@type\":\"ListItem\",\"position\":2,\"name\":\"Privacy Policy\"}]},{\"@type\":\"WebSite\",\"@id\":\"https:\/\/www.sschi.sk\/#website\",\"url\":\"https:\/\/www.sschi.sk\/\",\"name\":\"SSCHI\",\"description\":\"\",\"potentialAction\":[{\"@type\":\"SearchAction\",\"target\":{\"@type\":\"EntryPoint\",\"urlTemplate\":\"https:\/\/www.sschi.sk\/?s={search_term_string}\"},\"query-input\":\"required name=search_term_string\"}],\"inLanguage\":\"en-US\"}]}<\/script>\n<!-- \/ Yoast SEO plugin. -->","yoast_head_json":{"title":"Privacy Policy - SSCHI","robots":{"index":"index","follow":"follow","max-snippet":"max-snippet:-1","max-image-preview":"max-image-preview:large","max-video-preview":"max-video-preview:-1"},"canonical":"https:\/\/www.sschi.sk\/en\/spracovanie-osobnych-udajov\/","og_locale":"en_US","og_type":"article","og_title":"Privacy Policy - SSCHI","og_description":"Prev\u00e1dzkovate\u013eom webov\u00fdch str\u00e1nok je ob\u010dianske zdru\u017eenie Slovensk\u00e1 spolo\u010dnos\u0165 chemick\u00e9ho in\u017einierstva, so s\u00eddlom Radlinsk\u00e9ho 9, 812 37 Bratislava, I\u010cO 42172756, zap\u00edsan\u00e1 v\u00a0Registri mimovl\u00e1dnych neziskov\u00fdch organiz\u00e1ci\u00ed Ministerstva vn\u00fatra SR, registra\u010dn\u00e9 \u010d\u00edslo VVS\/1-900\/90-10314.","og_url":"https:\/\/www.sschi.sk\/en\/spracovanie-osobnych-udajov\/","og_site_name":"SSCHI","article_publisher":"https:\/\/www.facebook.com\/ChemE.Slovakia","article_modified_time":"2022-10-06T08:07:30+00:00","twitter_card":"summary_large_image","twitter_misc":{"Est. reading time":"2 minutes"},"schema":{"@context":"https:\/\/schema.org","@graph":[{"@type":"WebPage","@id":"https:\/\/www.sschi.sk\/en\/spracovanie-osobnych-udajov\/","url":"https:\/\/www.sschi.sk\/en\/spracovanie-osobnych-udajov\/","name":"Privacy Policy - SSCHI","isPartOf":{"@id":"https:\/\/www.sschi.sk\/#website"},"datePublished":"2022-09-20T07:44:02+00:00","dateModified":"2022-10-06T08:07:30+00:00","breadcrumb":{"@id":"https:\/\/www.sschi.sk\/en\/spracovanie-osobnych-udajov\/#breadcrumb"},"inLanguage":"en-US","potentialAction":[{"@type":"ReadAction","target":["https:\/\/www.sschi.sk\/en\/spracovanie-osobnych-udajov\/"]}]},{"@type":"BreadcrumbList","@id":"https:\/\/www.sschi.sk\/en\/spracovanie-osobnych-udajov\/#breadcrumb","itemListElement":[{"@type":"ListItem","position":1,"name":"Domovsk\u00e1 str\u00e1nka","item":"https:\/\/www.sschi.sk\/en\/"},{"@type":"ListItem","position":2,"name":"Privacy Policy"}]},{"@type":"WebSite","@id":"https:\/\/www.sschi.sk\/#website","url":"https:\/\/www.sschi.sk\/","name":"SSCHI","description":"","potentialAction":[{"@type":"SearchAction","target":{"@type":"EntryPoint","urlTemplate":"https:\/\/www.sschi.sk\/?s={search_term_string}"},"query-input":"required name=search_term_string"}],"inLanguage":"en-US"}]}},"_links":{"self":[{"href":"https:\/\/www.sschi.sk\/en\/wp-json\/wp\/v2\/pages\/520","targetHints":{"allow":["GET"]}}],"collection":[{"href":"https:\/\/www.sschi.sk\/en\/wp-json\/wp\/v2\/pages"}],"about":[{"href":"https:\/\/www.sschi.sk\/en\/wp-json\/wp\/v2\/types\/page"}],"author":[{"embeddable":true,"href":"https:\/\/www.sschi.sk\/en\/wp-json\/wp\/v2\/users\/1"}],"replies":[{"embeddable":true,"href":"https:\/\/www.sschi.sk\/en\/wp-json\/wp\/v2\/comments?post=520"}],"version-history":[{"count":1,"href":"https:\/\/www.sschi.sk\/en\/wp-json\/wp\/v2\/pages\/520\/revisions"}],"predecessor-version":[{"id":521,"href":"https:\/\/www.sschi.sk\/en\/wp-json\/wp\/v2\/pages\/520\/revisions\/521"}],"wp:attachment":[{"href":"https:\/\/www.sschi.sk\/en\/wp-json\/wp\/v2\/media?parent=520"}],"curies":[{"name":"wp","href":"https:\/\/api.w.org\/{rel}","templated":true}]}}